{"id":3870,"date":"2025-09-12T19:32:32","date_gmt":"2025-09-12T19:32:32","guid":{"rendered":"https:\/\/www.homeorganiserdelyon.fr\/?page_id=3870"},"modified":"2025-10-17T20:13:26","modified_gmt":"2025-10-17T20:13:26","slug":"e-book-challenge-3-jours-pour-se-sentir-enfin-bien-chez-toi","status":"publish","type":"page","link":"https:\/\/www.homeorganiserdelyon.fr\/en\/e-book-challenge-3-jours-pour-se-sentir-enfin-bien-chez-toi\/","title":{"rendered":"e-book challenge 3 jours pour se sentir enfin bien chez toi"},"content":{"rendered":"<div data-elementor-type=\"wp-page\" data-elementor-id=\"3870\" class=\"elementor elementor-3870\" data-elementor-post-type=\"page\">\n\t\t\t\t<div class=\"elementor-element elementor-element-c1d2b88 e-flex e-con-boxed e-con e-parent\" data-id=\"c1d2b88\" data-element_type=\"container\" data-e-type=\"container\" data-settings=\"{&quot;background_background&quot;:&quot;classic&quot;}\">\n\t\t\t\t\t<div class=\"e-con-inner\">\n\t\t<div class=\"elementor-element elementor-element-2765b8e e-con-full e-flex e-con e-child\" data-id=\"2765b8e\" data-element_type=\"container\" data-e-type=\"container\">\n\t\t\t\t<div class=\"elementor-element elementor-element-333048b elementor-widget elementor-widget-image\" data-id=\"333048b\" data-element_type=\"widget\" data-e-type=\"widget\" data-widget_type=\"image.default\">\n\t\t\t\t\t\t\t\t\t\t\t\t\t\t\t<img fetchpriority=\"high\" decoding=\"async\" width=\"657\" height=\"1024\" src=\"https:\/\/www.homeorganiserdelyon.fr\/wp-content\/uploads\/2025\/09\/Capture-decran-le-2025-09-12-a-19.58.52-657x1024.png\" class=\"attachment-large size-large wp-image-3863\" alt=\"\" srcset=\"https:\/\/www.homeorganiserdelyon.fr\/wp-content\/uploads\/2025\/09\/Capture-decran-le-2025-09-12-a-19.58.52-657x1024.png 657w, https:\/\/www.homeorganiserdelyon.fr\/wp-content\/uploads\/2025\/09\/Capture-decran-le-2025-09-12-a-19.58.52-193x300.png 193w, https:\/\/www.homeorganiserdelyon.fr\/wp-content\/uploads\/2025\/09\/Capture-decran-le-2025-09-12-a-19.58.52-768x1197.png 768w, https:\/\/www.homeorganiserdelyon.fr\/wp-content\/uploads\/2025\/09\/Capture-decran-le-2025-09-12-a-19.58.52.png 770w\" sizes=\"(max-width: 657px) 100vw, 657px\">\t\t\t\t\t\t\t\t\t\t\t\t\t\t\t<\/div>\n\t\t\t\t<\/div>\n\t\t\t\t\t<\/div>\n\t\t\t\t<\/div>\n\t\t<div class=\"elementor-element elementor-element-2b72582 e-flex e-con-boxed e-con e-parent\" data-id=\"2b72582\" data-element_type=\"container\" data-e-type=\"container\">\n\t\t\t\t\t<div class=\"e-con-inner\">\n\t\t\t\t<div class=\"elementor-element elementor-element-669c1f2 elementor-widget elementor-widget-heading\" data-id=\"669c1f2\" data-element_type=\"widget\" data-e-type=\"widget\" data-widget_type=\"heading.default\">\n\t\t\t\t\t<h2 class=\"elementor-heading-title elementor-size-default\">\"3 jours pour enfin te sentir bien chez toi\"\n <br>Une m\u00e9thode simple mais efficace, bas\u00e9e sur des conseils pratiques pour t'accompagner concr\u00e8tement dans ton changement int\u00e9rieur.  <\/h2>\t\t\t\t<\/div>\n\t\t\t\t\t<\/div>\n\t\t\t\t<\/div>\n\t\t<div class=\"elementor-element elementor-element-40bc997 e-flex e-con-boxed e-con e-parent\" data-id=\"40bc997\" data-element_type=\"container\" data-e-type=\"container\">\n\t\t\t\t\t<div class=\"e-con-inner\">\n\t\t<div class=\"elementor-element elementor-element-43efd61 e-con-full e-flex e-con e-child\" data-id=\"43efd61\" data-element_type=\"container\" data-e-type=\"container\">\n\t\t\t\t<div class=\"elementor-element elementor-element-2141ffe elementor-widget elementor-widget-image\" data-id=\"2141ffe\" data-element_type=\"widget\" data-e-type=\"widget\" data-widget_type=\"image.default\">\n\t\t\t\t\t\t\t\t\t\t\t\t\t\t\t<img decoding=\"async\" width=\"500\" height=\"500\" src=\"https:\/\/www.homeorganiserdelyon.fr\/wp-content\/uploads\/2025\/09\/plan-action-rangement-challenge-3-jours.png\" class=\"attachment-full size-full wp-image-3883\" alt=\"\" srcset=\"https:\/\/www.homeorganiserdelyon.fr\/wp-content\/uploads\/2025\/09\/plan-action-rangement-challenge-3-jours.png 500w, https:\/\/www.homeorganiserdelyon.fr\/wp-content\/uploads\/2025\/09\/plan-action-rangement-challenge-3-jours-300x300.png 300w, https:\/\/www.homeorganiserdelyon.fr\/wp-content\/uploads\/2025\/09\/plan-action-rangement-challenge-3-jours-150x150.png 150w\" sizes=\"(max-width: 500px) 100vw, 500px\">\t\t\t\t\t\t\t\t\t\t\t\t\t\t\t<\/div>\n\t\t\t\t<\/div>\n\t\t<div class=\"elementor-element elementor-element-51b9156 e-con-full e-flex e-con e-child\" data-id=\"51b9156\" data-element_type=\"container\" data-e-type=\"container\">\n\t\t\t\t<div class=\"elementor-element elementor-element-a7103af elementor-widget elementor-widget-heading\" data-id=\"a7103af\" data-element_type=\"widget\" data-e-type=\"widget\" data-widget_type=\"heading.default\">\n\t\t\t\t\t<h2 class=\"elementor-heading-title elementor-size-default\">Au sommaire de ton E-Book<\/h2>\t\t\t\t<\/div>\n\t\t\t\t<div class=\"elementor-element elementor-element-ac99d12 elementor-widget elementor-widget-text-editor\" data-id=\"ac99d12\" data-element_type=\"widget\" data-e-type=\"widget\" data-widget_type=\"text-editor.default\">\n\t\t\t\t\t\t\t\t\t<p class=\"p1\">\ud83c\udf31 Pourquoi ce guide peut <strong>changer ta vie<\/strong> (et pas juste ta maison)<\/p><p class=\"p1\">\ud83c\udf31 Qui suis-je pour te parler organisation ?<\/p><p class=\"p1\">\ud83c\udf31 Checklist &amp; <strong>Mindset<\/strong><\/p><p class=\"p1\">\ud83c\udf31 Un <strong>plan d&rsquo;action concret<\/strong> sur 3 jours<\/p><p class=\"p1\">\ud83c\udf31 Comment g\u00e9rer le \u00ab\u00a0<strong>Apr\u00e8s<\/strong>\u00a0\u00bb\u00a0<\/p><p class=\"p1\">\ud83c\udf31 Ton plan d\u2019action \u00e0 imprimer, pour te mettre en action concr\u00e8tement et facilement<\/p>\t\t\t\t\t\t\t\t<\/div>\n\t\t\t\t<\/div>\n\t\t\t\t\t<\/div>\n\t\t\t\t<\/div>\n\t\t<div class=\"elementor-element elementor-element-5daed93 e-flex e-con-boxed e-con e-parent\" data-id=\"5daed93\" data-element_type=\"container\" data-e-type=\"container\">\n\t\t\t\t\t<div class=\"e-con-inner\">\n\t\t\t\t<div class=\"elementor-element elementor-element-24a56a1 elementor-widget elementor-widget-html\" data-id=\"24a56a1\" data-element_type=\"widget\" data-e-type=\"widget\" data-widget_type=\"html.default\">\n\t\t\t\t\t<iframe width=\"540\" height=\"600\" src=\"https:\/\/4e59bcaf.sibforms.com\/serve\/MUIFAJMWKe1DzYZ0MwFTXQWIVrIaWVIFfMeERm488uDL8A5iCbLK4WOrFFe8nF5RhDysxPMETVPmItWFvwLleNqr2XZI_fd8EKNtgm0lITEBzJxSH-r8yxHsNxRfDYUEKD0Mgngh6slXJ2bRAS5OA792tzIdfZbiil-ooMQJCb8WNGIpX9f1jeB39DzkpM5ZQ9jt6OOmdrgHRNUE\" frameborder=\"0\" scrolling=\"auto\" allowfullscreen style=\"display: block;margin-left: auto;margin-right: auto;max-width: 100%;\"><\/iframe>\n\t\t\t\t<\/div>\n\t\t\t\t\t<\/div>\n\t\t\t\t<\/div>\n\t\t<div class=\"elementor-element elementor-element-b6cf7f7 e-flex e-con-boxed e-con e-parent\" data-id=\"b6cf7f7\" data-element_type=\"container\" data-e-type=\"container\">\n\t\t\t\t\t<div class=\"e-con-inner\">\n\t\t\t\t<div class=\"elementor-element elementor-element-3eff7c1 elementor-widget elementor-widget-text-editor\" data-id=\"3eff7c1\" data-element_type=\"widget\" data-e-type=\"widget\" data-widget_type=\"text-editor.default\">\n\t\t\t\t\t\t\t\t\t<p>\u26a0\ufe0f En vous inscrivant, votre livre blanc devrait arriver instantan\u00e9ment dans votre bo\u00eete mail.<br>Si vous n&rsquo;avez pas directement re\u00e7u le E-Book, <strong>pensez \u00e0 v\u00e9rifier vos spams et \/ ou votre onglet promotion !<\/strong><\/p>\t\t\t\t\t\t\t\t<\/div>\n\t\t\t\t\t<\/div>\n\t\t\t\t<\/div>\n\t\t<div class=\"elementor-element elementor-element-4a548f8 e-flex e-con-boxed e-con e-parent\" data-id=\"4a548f8\" data-element_type=\"container\" data-e-type=\"container\">\n\t\t\t\t\t<div class=\"e-con-inner\">\n\t\t\t\t<div class=\"elementor-element elementor-element-51454cb elementor-widget elementor-widget-text-editor\" data-id=\"51454cb\" data-element_type=\"widget\" data-e-type=\"widget\" data-widget_type=\"text-editor.default\">\n\t\t\t\t\t\t\t\t\t<p>Jessica Campario &#8211; La Home Organiser de Lyon &#8211; Tous droits r\u00e9serv\u00e9s &#8211; reproduction interdite &#8211; <a href=\"https:\/\/www.homeorganiserdelyon.fr\/en\/mentions-legales-et-conditions-generales-dutilisation\/\">Mentions l\u00e9gales\u00a0<\/a><\/p>\t\t\t\t\t\t\t\t<\/div>\n\t\t\t\t\t<\/div>\n\t\t\t\t<\/div>\n\t\t\t\t<\/div>","protected":false},"excerpt":{"rendered":"<p>\u00ab\u00a03 jours pour enfin te sentir bien chez toi\u00a0\u00bb Une m\u00e9thode simple mais efficace, bas\u00e9e sur des conseils pratiques pour t&rsquo;accompagner concr\u00e8tement dans ton changement int\u00e9rieur. Au sommaire de ton E-Book \ud83c\udf31 Pourquoi ce guide peut changer ta vie (et pas juste ta maison) \ud83c\udf31 Qui suis-je pour te parler organisation ? \ud83c\udf31 Checklist &amp; [&hellip;]<\/p>\n","protected":false},"author":1,"featured_media":0,"parent":0,"menu_order":0,"comment_status":"closed","ping_status":"closed","template":"elementor_canvas","meta":{"footnotes":""},"class_list":["post-3870","page","type-page","status-publish","hentry"],"_links":{"self":[{"href":"https:\/\/www.homeorganiserdelyon.fr\/en\/wp-json\/wp\/v2\/pages\/3870","targetHints":{"allow":["GET"]}}],"collection":[{"href":"https:\/\/www.homeorganiserdelyon.fr\/en\/wp-json\/wp\/v2\/pages"}],"about":[{"href":"https:\/\/www.homeorganiserdelyon.fr\/en\/wp-json\/wp\/v2\/types\/page"}],"author":[{"embeddable":true,"href":"https:\/\/www.homeorganiserdelyon.fr\/en\/wp-json\/wp\/v2\/users\/1"}],"replies":[{"embeddable":true,"href":"https:\/\/www.homeorganiserdelyon.fr\/en\/wp-json\/wp\/v2\/comments?post=3870"}],"version-history":[{"count":64,"href":"https:\/\/www.homeorganiserdelyon.fr\/en\/wp-json\/wp\/v2\/pages\/3870\/revisions"}],"predecessor-version":[{"id":4469,"href":"https:\/\/www.homeorganiserdelyon.fr\/en\/wp-json\/wp\/v2\/pages\/3870\/revisions\/4469"}],"wp:attachment":[{"href":"https:\/\/www.homeorganiserdelyon.fr\/en\/wp-json\/wp\/v2\/media?parent=3870"}],"curies":[{"name":"wp","href":"https:\/\/api.w.org\/{rel}","templated":true}]}}