{"id":2676,"date":"2025-08-07T12:07:33","date_gmt":"2025-08-07T12:07:33","guid":{"rendered":"https:\/\/www.homeorganiserdelyon.fr\/?page_id=2676"},"modified":"2025-09-05T07:00:52","modified_gmt":"2025-09-05T07:00:52","slug":"politique-de-protection-des-donnees-personnelles","status":"publish","type":"page","link":"https:\/\/www.homeorganiserdelyon.fr\/en\/politique-de-protection-des-donnees-personnelles\/","title":{"rendered":"Politique de protection des donn\u00e9es personnelles"},"content":{"rendered":"<figure class=\"wp-block-table\"><table class=\"has-fixed-layout\"><tbody><tr><td><br><strong>Politique de protection des donn\u00e9es personnelles<\/strong><\/td><\/tr><\/tbody><\/table><\/figure>\n\n\n\n<p><strong>ARTICLE 1. QUI EST LE RESPONSABLE DU TRAITEMENT&nbsp;?&nbsp;<\/strong><\/p>\n\n\n\n<p>Le responsable du traitement est&nbsp;:&nbsp;<\/p>\n\n\n\n<p><em>CAMPARIO Jessica<\/em>, EI<\/p>\n\n\n\n<p>demeurant, <em>271 av J. Jaur\u00e8s 69007 Lyon<\/em><\/p>\n\n\n\n<p>enregistr\u00e9e sous le num\u00e9ro SIRET 89828664600036<\/p>\n\n\n\n<p><strong>ARTICLE 2. QUELLES DONN\u00c9ES PERSONNELLES TRAITONS-NOUS&nbsp;?<\/strong><\/p>\n\n\n\n<p>Nous sommes amen\u00e9s \u00e0 collecter et \u00e0 traiter les donn\u00e9es personnelles suivantes vous concernant&nbsp;:<\/p>\n\n\n\n<ul class=\"wp-block-list\">\n<li><em>Les donn\u00e9es d\u2019identification (par exemple\u00a0: nom, pr\u00e9nom, adresse \u00e9lectronique, adresse postale, num\u00e9ro de t\u00e9l\u00e9phone);<\/em><\/li>\n\n\n\n<li><em>Les donn\u00e9es de connexion et de localisation\u00a0(par exemple\u00a0: adresse IP, logs de connexion)\u00a0;<\/em><\/li>\n\n\n\n<li><em>Les donn\u00e9es commerciales\u00a0(par exemple\u00a0: \u00e9changes avec le service client\u00e8le, donn\u00e9es n\u00e9cessaires \u00e0 la fourniture des services souscrits ou \u00e0 la gestion de la relation client, \u00e0 la r\u00e9alisation d\u2019enqu\u00eates de satisfaction, de statistiques)\u00a0;<\/em><\/li>\n\n\n\n<li><em>Les donn\u00e9es de facturation\u00a0(par exemple\u00a0: moyens et historique de paiement, donn\u00e9es de transaction, factures)\u00a0;<\/em><\/li>\n\n\n\n<li><em>Les donn\u00e9es comportementales (par exemple\u00a0: services souscrits ou envisag\u00e9s, comportement sur les sites et outils (pages consult\u00e9es, dur\u00e9e de connexion, nombre de consultations))\u00a0;<\/em><\/li>\n<\/ul>\n\n\n\n<p>Seules les donn\u00e9es personnelles strictement n\u00e9cessaires au regard des finalit\u00e9s d\u00e9crites ci-dessous sont collect\u00e9es.<\/p>\n\n\n\n<p><strong>ARTICLE 3. QUELLES SONT LES FINALIT\u00c9S DES TRAITEMENTS&nbsp;?&nbsp;<\/strong><\/p>\n\n\n\n<p>Vos donn\u00e9es personnelles sont trait\u00e9es pour les finalit\u00e9s suivantes&nbsp;:<\/p>\n\n\n\n<ul class=\"wp-block-list\">\n<li>La gestion de la relation avec vous, et notamment la relation client\u00a0;<\/li>\n\n\n\n<li>La r\u00e9alisation ou la fourniture des services souscrits\u00a0;<\/li>\n\n\n\n<li>Les op\u00e9rations pour la r\u00e9alisation de campagnes marketing et l\u2019organisation d\u2019\u00e9v\u00e8nements\u00a0;<\/li>\n\n\n\n<li>L\u2019am\u00e9lioration de la connaissance de votre profil, l\u2019analyse du comportement\u00a0;<\/li>\n\n\n\n<li>Le t\u00e9l\u00e9chargement de fichiers\u00a0;<\/li>\n\n\n\n<li>La personnalisation de nos services selon votre profil et l\u2019am\u00e9lioration de votre exp\u00e9rience\u00a0;<\/li>\n\n\n\n<li>La gestion de la facturation\u00a0;<\/li>\n\n\n\n<li>Les statistiques, les analyses et les mesures d\u2019audience\u00a0;<\/li>\n\n\n\n<li>Les enqu\u00eates de satisfaction sur nos services\u00a0;<\/li>\n\n\n\n<li>L\u2019am\u00e9lioration et l\u2019optimisation de la qualit\u00e9 de nos services et de notre site\u00a0;<\/li>\n\n\n\n<li>La gestion des droits et des demandes d\u2019exercice des droits des personnes\u00a0;<\/li>\n<\/ul>\n\n\n\n<p><strong>ARTICLE 4. SUR QUELLES BASES L\u00c9GALES TRAITONS-NOUS VOS DONN\u00c9ES PERSONNELLES&nbsp;?&nbsp;<\/strong><\/p>\n\n\n\n<p>Vos donn\u00e9es personnelles sont collect\u00e9es et trait\u00e9es sur les bases l\u00e9gales suivantes&nbsp;:<\/p>\n\n\n\n<ul class=\"wp-block-list\">\n<li>Sur le fondement de votre consentement\u00a0;<\/li>\n\n\n\n<li>Dans le cadre de l\u2019ex\u00e9cution d\u2019un contrat\u00a0;<\/li>\n\n\n\n<li>\u00c0 des fins d\u2019int\u00e9r\u00eat l\u00e9gitime\u00a0;<\/li>\n\n\n\n<li>Dans le but d\u2019assurer le respect de nos obligations l\u00e9gales et r\u00e9glementaires.<\/li>\n<\/ul>\n\n\n\n<p>Toutes les donn\u00e9es sont recueillies de mani\u00e8re obligatoire afin de r\u00e9pondre aux finalit\u00e9s du traitement. Aucune donn\u00e9e n\u2019est recueillie de mani\u00e8re facultative.&nbsp;&nbsp;&nbsp;<\/p>\n\n\n\n<p><strong>ARTICLE 5. QUI SONT LES DESTINATAIRES DE VOS DONN\u00c9ES PERSONNELLES&nbsp;?&nbsp;<\/strong><\/p>\n\n\n\n<p>Les destinataires de vos donn\u00e9es personnelles sont les personnes suivantes, en fonction des traitements r\u00e9alis\u00e9s&nbsp;:<\/p>\n\n\n\n<ul class=\"wp-block-list\">\n<li><em>Les services internes ;<\/em><\/li>\n\n\n\n<li><em>Les prestataires intervenant pour notre compte dans le cadre des finalit\u00e9s mentionn\u00e9es ci-dessus\u00a0;<\/em><\/li>\n\n\n\n<li><em>Les soci\u00e9t\u00e9s sur lesquels portent les services fournis\u00a0;<\/em><\/li>\n\n\n\n<li><em>Les partenaires commerciaux dans le cadre des finalit\u00e9s mentionn\u00e9es ci-dessus \u00e9tant pr\u00e9cis\u00e9 que les donn\u00e9es transmises sont toujours anonymis\u00e9es.<\/em><\/li>\n<\/ul>\n\n\n\n<p>Lesdites donn\u00e9es ne font pas l\u2019objet d\u2019un transfert dans un pays situ\u00e9 hors de l\u2019Union europ\u00e9enne. Si toutefois ce devait \u00eatre le cas, nous nous engageons \u00e0 ce que ces transferts soient r\u00e9alis\u00e9s dans le respect de la r\u00e9glementation applicable ou \u00e0 une r\u00e9glementation pr\u00e9sentant un niveau de protection ad\u00e9quat et \u00e9quivalent.<\/p>\n\n\n\n<p>L\u2019H\u00e9bergeur, situ\u00e9 en dehors de l\u2019Union Europ\u00e9enne, n\u2019a quant \u00e0 lui pas acc\u00e8s aux donn\u00e9es personnelles collect\u00e9es via le site Internet.<\/p>\n\n\n\n<p><strong>ARTICLE 6. QUELLE EST LA DUR\u00c9E DE CONSERVATION DE VOS DONN\u00c9ES PERSONNELLES&nbsp;?&nbsp;<\/strong><\/p>\n\n\n\n<p>Vos donn\u00e9es personnelles ne sont conserv\u00e9es que pour la dur\u00e9e strictement n\u00e9cessaire \u00e0 l\u2019accomplissement des finalit\u00e9s pour lesquelles elles sont collect\u00e9es et trait\u00e9es.<\/p>\n\n\n\n<p>Par d\u00e9faut<em>&nbsp;:<\/em><\/p>\n\n\n\n<ul class=\"wp-block-list\">\n<li><em>Vos donn\u00e9es de cartes bancaires, lorsque demand\u00e9es, sont conserv\u00e9es uniquement pendant la dur\u00e9e n\u00e9cessaire \u00e0 la r\u00e9alisation de la transaction\u00a0;<\/em><\/li>\n\n\n\n<li><em>Votre adresse e-mail, nom, pr\u00e9nom et num\u00e9ro de t\u00e9l\u00e9phone sont conserv\u00e9s pendant toute la dur\u00e9e de mise en relation avec le responsable de traitement.<\/em><\/li>\n\n\n\n<li><em>Vos donn\u00e9es de facturations sont conserv\u00e9es pendant 10 ans \u00e0 compter de l\u2019\u00e9mission de la facture<\/em><\/li>\n<\/ul>\n\n\n\n<p>N\u00e9anmoins, les donn\u00e9es personnelles sont conserv\u00e9es pour une dur\u00e9e plus importante sous forme d\u2019archivage lorsque les obligations l\u00e9gales et r\u00e9glementaires nous l\u2019imposent ou si cela est n\u00e9cessaire compte tenu de la prescription applicable, pour faire valoir nos droits, lorsqu\u2019il n\u2019est pas possible de rapporter cette preuve par un autre moyen.<\/p>\n\n\n\n<p>Une fois que vos Donn\u00e9es Personnelles ne sont plus n\u00e9cessaires au titre des finalit\u00e9s ou \u00e0 des fins d\u2019archivage pour satisfaire nos obligations l\u00e9gales ou pour les besoins de la prescription applicable, nous veillerons \u00e0 ce qu\u2019elles soient compl\u00e8tement d\u00e9truites ou anonymis\u00e9es.<\/p>\n\n\n\n<p><strong>ARTICLE 7. QUELS SONT VOS DROITS CONCERNANT VOS DONN\u00c9ES PERSONNELLES&nbsp;?<\/strong>&nbsp;<\/p>\n\n\n\n<p>Vos droits concernant les donn\u00e9es personnelles vous concernant sont les suivants&nbsp;:<\/p>\n\n\n\n<ul class=\"wp-block-list\">\n<li><strong>Droit d\u2019acc\u00e8s direct<\/strong>\u00a0; vous avez le droit d\u2019\u00eatre inform\u00e9 de mani\u00e8re concise, transparente, intelligible et facilement accessible sur la mani\u00e8re dont vos Donn\u00e9es Personnelles sont trait\u00e9es.<\/li>\n\n\n\n<li><strong>Droit d\u2019interrogation<\/strong> ; vous avez \u00e9galement le droit d\u2019obtenir la confirmation que des Donn\u00e9es Personnelles vous concernant sont trait\u00e9es et, le cas \u00e9ch\u00e9ant d\u2019acc\u00e9der \u00e0 ces Donn\u00e9es Personnelles.<\/li>\n\n\n\n<li><strong>Droit de rectification<\/strong> ; vous avez le droit d\u2019obtenir la rectification des Donn\u00e9es Personnelles inexactes vous concernant. Vous avez \u00e9galement le droit de compl\u00e9ter les Donn\u00e9es Personnelles incompl\u00e8tes vous concernant, en fournissant une d\u00e9claration compl\u00e9mentaire.<\/li>\n\n\n\n<li><strong>Droit \u00e0 l\u2019effacement<\/strong>\u00a0\u2013 ce droit peut s\u2019exercer dans la mesure o\u00f9 il ne nuit pas \u00e0 l\u2019ex\u00e9cution du contrat ou au respect de nos obligations l\u00e9gales et r\u00e9glementaires\u00a0;<\/li>\n\n\n\n<li><strong>Droit \u00e0 la limitation<\/strong>\u00a0d\u2019un ou plusieurs traitements de vos donn\u00e9es personnelles\u00a0;<\/li>\n\n\n\n<li><strong>Droits de modification<\/strong>\u00a0et\/ou de retrait, \u00e0 tout moment, des consentements concernant le traitement de vos donn\u00e9es personnelles reposant uniquement sur votre consentement\u00a0;<\/li>\n\n\n\n<li><strong>Droit d\u2019opposition<\/strong>\u00a0\u00e0 un traitement de vos donn\u00e9es personnelles\u00a0;<\/li>\n\n\n\n<li><strong>Droit \u00e0 la portabilit\u00e9\u00a0<\/strong>de vos donn\u00e9es personnelles.<\/li>\n<\/ul>\n\n\n\n<p>Vous disposez \u00e9galement du droit de d\u00e9finir des directives g\u00e9n\u00e9rales et\/ou particuli\u00e8res relatives au sort de vos donn\u00e9es personnelles et \u00e0 la mani\u00e8re dont vous souhaitez que vos droits soient exerc\u00e9s apr\u00e8s votre d\u00e9c\u00e8s.<\/p>\n\n\n\n<p>Afin que les informations dont nous disposons vous concernant soient toujours exactes, nous vous recommandons d\u2019actualiser r\u00e9guli\u00e8rement vos donn\u00e9es personnelles.<\/p>\n\n\n\n<p>Vous pouvez formuler toute demande d\u2019exercice de vos droits relatifs \u00e0 vos donn\u00e9es personnelles en nous contactant&nbsp;:<\/p>\n\n\n\n<ul class=\"wp-block-list\">\n<li>Par e-mail \u00e0 jessica@homeorganiserdelyon.fr<\/li>\n\n\n\n<li>Par courrier postal en \u00e9crivant \u00e0\u00a0271 av J. Jaur\u00e8s 69007 LYON<\/li>\n\n\n\n<li>Vous avez \u00e9galement le choix de vous inscrire gratuitement sur la liste d\u2019opposition au d\u00e9marchage t\u00e9l\u00e9phonique d\u00e9nomm\u00e9e Bloctel et g\u00e9r\u00e9e par la soci\u00e9t\u00e9 Opposetel en vertu d\u2019une d\u00e9l\u00e9gation de service public.<\/li>\n<\/ul>\n\n\n\n<p>En cas d\u2019insatisfaction, vous disposez du droit d\u2019adresser une r\u00e9clamation aupr\u00e8s de l\u2019autorit\u00e9 comp\u00e9tente en la mati\u00e8re&nbsp;:<\/p>\n\n\n\n<p>Commission Nationale de l\u2019Informatique et des Libert\u00e9s (CNIL)<\/p>\n\n\n\n<p>3 Place de Fontenoy<\/p>\n\n\n\n<p>TSA 80715<\/p>\n\n\n\n<p>75334 PARIS CEDEX 07<\/p>\n\n\n\n<p>T\u00e9l : 01 53 73 22 22<\/p>\n\n\n\n<p><strong>ARTICLE 9. QU\u2019EN EST-IL DES COOKIES&nbsp;?<\/strong>&nbsp;<\/p>\n\n\n\n<p>Des cookies et autres traceurs peuvent \u00eatre install\u00e9s et\/ou lus dans votre navigateur lors de votre visite sur le <em>site<\/em>.<\/p>\n\n\n\n<p>Les cookies d\u00e9pos\u00e9s par l\u2019Editeur du site permettent de personnaliser le contenu du <em>site<\/em>, d\u2019analyser le trafic du <em>site<\/em>, d\u2019effectuer des statistiques d\u2019utilisation, et d\u2019am\u00e9liorer votre exp\u00e9rience sur le <em>site<\/em>.&nbsp;<\/p>\n\n\n\n<p>L\u2019utilisateur a la possibilit\u00e9 d\u2019accepter ou de refuser les cookies mis en place par l\u2019Editeur du<em> site<\/em> sur le disque dur de son navigateur en modifiant cet acc\u00e8s dans les param\u00e8tres. Toute d\u00e9sactivation entra\u00eene le refus par l\u2019utilisateur du d\u00e9p\u00f4t des cookies en question. Ces cookies peuvent \u00eatre supprim\u00e9s \u00e0 tout moment par le client internaute.&nbsp;<\/p>\n\n\n\n<p>Conform\u00e9ment aux recommandations de la CNIL, la dur\u00e9e maximale de conservation des cookies est de treize (13) mois au maximum apr\u00e8s leur premier d\u00e9p\u00f4t dans le terminal de l\u2019Utilisateur, tout comme la dur\u00e9e de la validit\u00e9 du consentement de l\u2019Utilisateur \u00e0 l\u2019utilisation de ces cookies. La dur\u00e9e de vie des cookies n\u2019est pas prolong\u00e9e \u00e0 chaque visite. Le consentement de l\u2019Utilisateur devra donc \u00eatre renouvel\u00e9 \u00e0 l\u2019issue de ce d\u00e9lai.<\/p>\n\n\n\n<p><strong>ARTICLE 10. QUELLES SONT LES MESURES DE S\u00c9CURIT\u00c9 MISES EN \u0152UVRE&nbsp;?<\/strong><\/p>\n\n\n\n<p>En tant que responsable de traitement, nous prenons toutes les mesures utiles pour pr\u00e9server la s\u00e9curit\u00e9 et la confidentialit\u00e9 des donn\u00e9es et notamment, emp\u00eacher qu\u2019elles soient endommag\u00e9es, ou que des tiers non autoris\u00e9s y aient acc\u00e8s. A cette fin, nous mettons en \u0153uvre toutes les mesures techniques et organisationnelles pour garantir un niveau de s\u00e9curit\u00e9 ad\u00e9quat et adapt\u00e9 aux risques. Par ailleurs, nous nous assurons du respect par nos sous-traitants des r\u00e8gles en mati\u00e8re de protection des donn\u00e9es personnelles.<\/p>\n\n\n\n<p><strong>ARTICLE 11. QU\u2019EN EST-IL DES MODIFICATIONS DE LA PR\u00c9SENTE POLITIQUE&nbsp;?<\/strong><\/p>\n\n\n\n<p>La pr\u00e9sente politique a vocation \u00e0 \u00e9voluer et est donc susceptible d\u2019\u00eatre modifi\u00e9e. En cas de modifications mineures, la nouvelle politique sera mise en ligne sur le site \u00e0 la rubrique d\u00e9di\u00e9e. En cas de modifications substantielles portant par exemple sur les finalit\u00e9s, l\u2019exercice de vos droits, vous en serez tenu inform\u00e9.<\/p>","protected":false},"excerpt":{"rendered":"<p>Politique de protection des donn\u00e9es personnelles ARTICLE 1. QUI EST LE RESPONSABLE DU TRAITEMENT&nbsp;?&nbsp; Le responsable du traitement est&nbsp;:&nbsp; CAMPARIO Jessica, EI demeurant, 271 av J. Jaur\u00e8s 69007 Lyon enregistr\u00e9e sous le num\u00e9ro SIRET 89828664600036 ARTICLE 2. QUELLES DONN\u00c9ES PERSONNELLES TRAITONS-NOUS&nbsp;? Nous sommes amen\u00e9s \u00e0 collecter et \u00e0 traiter les donn\u00e9es personnelles suivantes vous concernant&nbsp;: [&hellip;]<\/p>\n","protected":false},"author":1,"featured_media":0,"parent":0,"menu_order":0,"comment_status":"closed","ping_status":"closed","template":"","meta":{"footnotes":""},"class_list":["post-2676","page","type-page","status-publish","hentry"],"_links":{"self":[{"href":"https:\/\/www.homeorganiserdelyon.fr\/en\/wp-json\/wp\/v2\/pages\/2676","targetHints":{"allow":["GET"]}}],"collection":[{"href":"https:\/\/www.homeorganiserdelyon.fr\/en\/wp-json\/wp\/v2\/pages"}],"about":[{"href":"https:\/\/www.homeorganiserdelyon.fr\/en\/wp-json\/wp\/v2\/types\/page"}],"author":[{"embeddable":true,"href":"https:\/\/www.homeorganiserdelyon.fr\/en\/wp-json\/wp\/v2\/users\/1"}],"replies":[{"embeddable":true,"href":"https:\/\/www.homeorganiserdelyon.fr\/en\/wp-json\/wp\/v2\/comments?post=2676"}],"version-history":[{"count":2,"href":"https:\/\/www.homeorganiserdelyon.fr\/en\/wp-json\/wp\/v2\/pages\/2676\/revisions"}],"predecessor-version":[{"id":3732,"href":"https:\/\/www.homeorganiserdelyon.fr\/en\/wp-json\/wp\/v2\/pages\/2676\/revisions\/3732"}],"wp:attachment":[{"href":"https:\/\/www.homeorganiserdelyon.fr\/en\/wp-json\/wp\/v2\/media?parent=2676"}],"curies":[{"name":"wp","href":"https:\/\/api.w.org\/{rel}","templated":true}]}}